{"id":223,"date":"2024-12-29T12:36:59","date_gmt":"2024-12-29T11:36:59","guid":{"rendered":"https:\/\/zordon.fun\/?page_id=223"},"modified":"2025-12-15T22:50:19","modified_gmt":"2025-12-15T21:50:19","slug":"sklep2","status":"publish","type":"page","link":"https:\/\/zordon.fun\/?page_id=223","title":{"rendered":"Sklep"},"content":{"rendered":"\t\t<div data-elementor-type=\"wp-page\" data-elementor-id=\"223\" class=\"elementor elementor-223\">\n\t\t\t\t<div class=\"elementor-element elementor-element-5564b5bc e-flex e-con-boxed e-con e-parent\" data-id=\"5564b5bc\" data-element_type=\"container\">\n\t\t\t\t\t<div class=\"e-con-inner\">\n\t\t\t\t<div class=\"elementor-element elementor-element-3a22b523 elementor-widget elementor-widget-text-editor\" data-id=\"3a22b523\" data-element_type=\"widget\" data-widget_type=\"text-editor.default\">\n\t\t\t\t<div class=\"elementor-widget-container\"><div class=\"wp-block-media-text has-media-on-the-right is-stacked-on-mobile\"><div class=\"wp-block-media-text__content\"><p class=\"has-text-align-center\"><strong><a href=\"https:\/\/zordon.fun\/?product_cat=maski\">Maski<\/a><\/strong><\/p><\/div><figure class=\"wp-block-media-text__media\"><a href=\"https:\/\/zordon.fun\/?product_cat=maski\"><img fetchpriority=\"high\" decoding=\"async\" width=\"960\" height=\"1024\" src=\"https:\/\/zordon.fun\/wp-content\/uploads\/2024\/12\/SpiderMan-Classic-960x1024.jpg\" alt=\"\" class=\"wp-image-135 size-full\"\/><\/a><\/figure><\/div><div class=\"wp-block-media-text is-stacked-on-mobile\"><figure class=\"wp-block-media-text__media\"><a href=\"https:\/\/zordon.fun\/?product_cat=figurki\"><img decoding=\"async\" width=\"526\" height=\"716\" src=\"https:\/\/zordon.fun\/wp-content\/uploads\/2024\/12\/Obito-2-1.jpg\" alt=\"\" class=\"wp-image-216 size-full\"\/><\/a><\/figure><div class=\"wp-block-media-text__content\"><p class=\"has-text-align-center\"><strong><a href=\"https:\/\/zordon.fun\/?product_cat=figurki\"> Figurki<\/a><\/strong><\/p><\/div><\/div><div class=\"wp-block-media-text has-media-on-the-right is-stacked-on-mobile\"><div class=\"wp-block-media-text__content\"><p class=\"has-text-align-center\"><strong><a href=\"https:\/\/zordon.fun\/?product_cat=rozdzki-harry-potter\">R\u00f3\u017cd\u017cki Harry Potter<\/a> <\/strong><\/p><\/div><figure class=\"wp-block-media-text__media\"><a href=\"https:\/\/zordon.fun\/?product_cat=rozdzki-harry-potter\"><img decoding=\"async\" width=\"735\" height=\"731\" src=\"https:\/\/zordon.fun\/wp-content\/uploads\/2024\/12\/ZESTAW-11-SZTUK-HARRY-POTTER-MAGICZNE-ROZDZKI-Rodzaj-gadzetu-filmowy-ksiazkowy-komiksowy.jpg\" alt=\"\" class=\"wp-image-136 size-full\" srcset=\"https:\/\/zordon.fun\/wp-content\/uploads\/2024\/12\/ZESTAW-11-SZTUK-HARRY-POTTER-MAGICZNE-ROZDZKI-Rodzaj-gadzetu-filmowy-ksiazkowy-komiksowy.jpg 735w, https:\/\/zordon.fun\/wp-content\/uploads\/2024\/12\/ZESTAW-11-SZTUK-HARRY-POTTER-MAGICZNE-ROZDZKI-Rodzaj-gadzetu-filmowy-ksiazkowy-komiksowy-150x150.jpg 150w, https:\/\/zordon.fun\/wp-content\/uploads\/2024\/12\/ZESTAW-11-SZTUK-HARRY-POTTER-MAGICZNE-ROZDZKI-Rodzaj-gadzetu-filmowy-ksiazkowy-komiksowy-600x597.jpg 600w, https:\/\/zordon.fun\/wp-content\/uploads\/2024\/12\/ZESTAW-11-SZTUK-HARRY-POTTER-MAGICZNE-ROZDZKI-Rodzaj-gadzetu-filmowy-ksiazkowy-komiksowy-100x100.jpg 100w\" sizes=\"(max-width: 735px) 100vw, 735px\" \/><\/a><\/figure><\/div><div class=\"wp-block-media-text is-stacked-on-mobile\"><figure class=\"wp-block-media-text__media\"><a href=\"https:\/\/zordon.fun\/?product_cat=pokemony\"><img loading=\"lazy\" decoding=\"async\" width=\"700\" height=\"490\" src=\"https:\/\/zordon.fun\/wp-content\/uploads\/2024\/12\/set-of-pokemon-icons-vector.jpg\" alt=\"\" class=\"wp-image-186 size-full\" srcset=\"https:\/\/zordon.fun\/wp-content\/uploads\/2024\/12\/set-of-pokemon-icons-vector.jpg 700w, https:\/\/zordon.fun\/wp-content\/uploads\/2024\/12\/set-of-pokemon-icons-vector-600x420.jpg 600w\" sizes=\"(max-width: 700px) 100vw, 700px\" \/><\/a><\/figure><div class=\"wp-block-media-text__content\"><p class=\"has-text-align-center\"><strong><a href=\"https:\/\/zordon.fun\/?product_cat=pokemony\">Pluszaki Pokemon<\/a><\/strong><\/p><\/div><\/div><p><\/p><\/div>\n\t\t\t\t<\/div>\n\t\t\t\t\t<\/div>\n\t\t\t\t<\/div>\t\t<\/div>\n\t\t","protected":false},"excerpt":{"rendered":"","protected":false},"author":1,"featured_media":0,"parent":0,"menu_order":0,"comment_status":"closed","ping_status":"closed","template":"","meta":{"om_disable_all_campaigns":false,"_monsterinsights_skip_tracking":false,"_monsterinsights_sitenote_active":false,"_monsterinsights_sitenote_note":"","_monsterinsights_sitenote_category":0,"footnotes":""},"class_list":["post-223","page","type-page","status-publish","hentry"],"aioseo_notices":[],"jetpack_sharing_enabled":true,"_links":{"self":[{"href":"https:\/\/zordon.fun\/index.php?rest_route=\/wp\/v2\/pages\/223","targetHints":{"allow":["GET"]}}],"collection":[{"href":"https:\/\/zordon.fun\/index.php?rest_route=\/wp\/v2\/pages"}],"about":[{"href":"https:\/\/zordon.fun\/index.php?rest_route=\/wp\/v2\/types\/page"}],"author":[{"embeddable":true,"href":"https:\/\/zordon.fun\/index.php?rest_route=\/wp\/v2\/users\/1"}],"replies":[{"embeddable":true,"href":"https:\/\/zordon.fun\/index.php?rest_route=%2Fwp%2Fv2%2Fcomments&post=223"}],"version-history":[{"count":9,"href":"https:\/\/zordon.fun\/index.php?rest_route=\/wp\/v2\/pages\/223\/revisions"}],"predecessor-version":[{"id":322,"href":"https:\/\/zordon.fun\/index.php?rest_route=\/wp\/v2\/pages\/223\/revisions\/322"}],"wp:attachment":[{"href":"https:\/\/zordon.fun\/index.php?rest_route=%2Fwp%2Fv2%2Fmedia&parent=223"}],"curies":[{"name":"wp","href":"https:\/\/api.w.org\/{rel}","templated":true}]}}